{"id":13,"date":"2023-10-20T23:00:20","date_gmt":"2023-10-20T21:00:20","guid":{"rendered":"https:\/\/orgonij.cluster028.hosting.ovh.net\/?page_id=13"},"modified":"2025-06-12T21:57:46","modified_gmt":"2025-06-12T19:57:46","slug":"livre-orgosoin-orgonite","status":"publish","type":"page","link":"https:\/\/www.orgonitedesoin.fr\/","title":{"rendered":"L&rsquo;orgonite de soin, source d&rsquo;\u00e9nergie et de bien-\u00eatre"},"content":{"rendered":"\n<blockquote class=\"wp-block-quote is-layout-flow wp-block-quote-is-layout-flow\">\n<p>\u00a0<\/p>\n<div style=\"text-align: justify;\">L&rsquo;orgone, \u00e9nergie vitale globale, se r\u00e9partit et s\u2019\u00e9change entre ses diff\u00e9rentes composantes sous forme d\u2019ondes \u00e9lectromagn\u00e9tiques ou m\u00e9caniques, c\u2019est-\u00e0-dire sous forme de vibrations que l\u2019homme per\u00e7oit par ses sens, ses sensations, ses \u00e9motions, et dont les manifestations les plus \u00e9videntes sont la lumi\u00e8re, les sons, etc\u2026Cet \u00e9change se fait aussi bien par le lien d\u2019ondes harmonieuses et positives que d\u2019ondes satur\u00e9es, digitales, disharmonieuses et n\u00e9gatives, et il revient \u00e0 tout un chacun de g\u00e9rer ces afflux au mieux de son \u00e9quilibre propre, l\u2019id\u00e9al \u00e9tant de ne percevoir que des ondes harmonieuses.<\/div>\n<div align=\"Center\">\u00a0<\/div>\n<div style=\"text-align: justify;\" align=\"Center\">Il revient \u00e0 Wilhem Reich, puis \u00e0 Karl Hanz Welz et Don Croft, dans les ann\u00e9es 1990, d\u2019avoir su \u00e9laborer le filtre d\u2019\u00e9nergies positives sous la forme de l\u2019orgonite. L\u2019orgonite de soin reprend les concepts de l\u2019orgonite en l\u2019adaptant \u00e0 la r\u00e9gulation et la th\u00e9rapie de l\u2019\u00e9nergie propre vitale du corps humain.<\/div>\n<div align=\"Center\">\u00a0<\/div>\n<div style=\"text-align: justify;\" align=\"Center\">L&rsquo;orgonite de soin, petit galet de r\u00e9sine color\u00e9e, est principalement compos\u00e9 d\u2019un maillage m\u00e9tallique, qui favorise la captation d\u2019ondes \u00e9lectromagn\u00e9tiques, et d\u2019un tamis de quartz dont les fr\u00e9quences de r\u00e9sonnance propres permettent de redonner aux ondes \u00e9lectromagn\u00e9tiques pollu\u00e9es leurs formes harmonieuses, positives.<\/div>\n<div align=\"Center\">\u00a0<\/div>\n<div style=\"text-align: justify;\" align=\"Center\">La pollution \u00e9lectromagn\u00e9tique nous agresse de mani\u00e8re permanente et diminue insidieusement une partie de notre potentiel vital.<\/div>\n<div align=\"Center\">\u00a0<\/div>\n<div style=\"text-align: justify;\" align=\"Center\">En 50 pages, le livre de Pascale Durand Tiberghien propose et d\u00e9taille une m\u00e9thode pour lutter de mani\u00e8re autonome contre ce ph\u00e9nom\u00e8ne en utilisant les sp\u00e9cificit\u00e9s th\u00e9rapeutiques des diff\u00e9rents types d\u2019orgonites de soin ainsi que leurs apports en r\u00e9-\u00e9quilibrage \u00e9nerg\u00e9tique y compris lors de s\u00e9ances de m\u00e9ditation ou de yoga.<\/div>\n<div style=\"text-align: left;\" align=\"Center\">\u00a0<\/div>\n<div align=\"Center\">\u00a0<\/div>\n<div style=\"text-align: left;\" align=\"Center\">\n<p>Contact :<\/p>\n<p>Pascale Durand Tiberghien : <a href=\"mailto:pascaledurandtiberghien@gmail.com\">pascaledurandtiberghien@gmail.com<\/a><\/p>\n<\/div>\n<div align=\"Center\">\u00a0<\/div>\n<div align=\"Center\">\u00a0<\/div>\n<div align=\"Center\">\u00a0<\/div>\n<\/blockquote>\n\n\n\n<p><\/p>\n","protected":false},"excerpt":{"rendered":"","protected":false},"author":1,"featured_media":0,"parent":0,"menu_order":0,"comment_status":"closed","ping_status":"closed","template":"","meta":{"footnotes":""},"class_list":["post-13","page","type-page","status-publish","hentry"],"yoast_head":"<!-- This site is optimized with the Yoast SEO plugin v27.4 - https:\/\/yoast.com\/product\/yoast-seo-wordpress\/ -->\n<title>Orgonite de soin<\/title>\n<meta name=\"description\" content=\"L&#039;orgone, \u00e9nergie vitale globale, se r\u00e9partit et s\u2019\u00e9change entre ses diff\u00e9rentes composantes sous forme d\u2019ondes \u00e9lectromagn\u00e9tiques ou m\u00e9caniques, c\u2019est-\u00e0-dire sous forme de vibrations que l\u2019homme per\u00e7oit par ses sens, ses sensations, ses \u00e9motions, et dont les manifestations les plus \u00e9videntes sont la lumi\u00e8re, les sons, etc\u2026Cet \u00e9change se fait aussi bien par le lien d\u2019ondes harmonieuses et positives que d\u2019ondes satur\u00e9es, digitales, disharmonieuses et n\u00e9gatives, et il revient \u00e0 tout un chacun de g\u00e9rer ces afflux au mieux de son \u00e9quilibre propre, l\u2019id\u00e9al \u00e9tant de ne percevoir que des ondes harmonieuses\" \/>\n<meta name=\"robots\" content=\"index, follow, max-snippet:-1, max-image-preview:large, max-video-preview:-1\" \/>\n<link rel=\"canonical\" href=\"http:\/\/www.orgonitedesoin.fr\/\" \/>\n<meta property=\"og:locale\" content=\"fr_FR\" \/>\n<meta property=\"og:type\" content=\"article\" \/>\n<meta property=\"og:title\" content=\"Orgonite de soin\" \/>\n<meta property=\"og:description\" content=\"L&#039;orgone, \u00e9nergie vitale globale, se r\u00e9partit et s\u2019\u00e9change entre ses diff\u00e9rentes composantes sous forme d\u2019ondes \u00e9lectromagn\u00e9tiques ou m\u00e9caniques, c\u2019est-\u00e0-dire sous forme de vibrations que l\u2019homme per\u00e7oit par ses sens, ses sensations, ses \u00e9motions, et dont les manifestations les plus \u00e9videntes sont la lumi\u00e8re, les sons, etc\u2026Cet \u00e9change se fait aussi bien par le lien d\u2019ondes harmonieuses et positives que d\u2019ondes satur\u00e9es, digitales, disharmonieuses et n\u00e9gatives, et il revient \u00e0 tout un chacun de g\u00e9rer ces afflux au mieux de son \u00e9quilibre propre, l\u2019id\u00e9al \u00e9tant de ne percevoir que des ondes harmonieuses\" \/>\n<meta property=\"og:url\" content=\"http:\/\/www.orgonitedesoin.fr\/\" \/>\n<meta property=\"og:site_name\" content=\"Orgonite de soin\" \/>\n<meta property=\"article:modified_time\" content=\"2025-06-12T19:57:46+00:00\" \/>\n<meta name=\"twitter:card\" content=\"summary_large_image\" \/>\n<script type=\"application\/ld+json\" class=\"yoast-schema-graph\">{\"@context\":\"https:\\\/\\\/schema.org\",\"@graph\":[{\"@type\":\"WebPage\",\"@id\":\"http:\\\/\\\/www.orgonitedesoin.fr\\\/\",\"url\":\"http:\\\/\\\/www.orgonitedesoin.fr\\\/\",\"name\":\"Orgonite de soin\",\"isPartOf\":{\"@id\":\"http:\\\/\\\/www.orgonitedesoin.fr\\\/#website\"},\"datePublished\":\"2023-10-20T21:00:20+00:00\",\"dateModified\":\"2025-06-12T19:57:46+00:00\",\"description\":\"L'orgone, \u00e9nergie vitale globale, se r\u00e9partit et s\u2019\u00e9change entre ses diff\u00e9rentes composantes sous forme d\u2019ondes \u00e9lectromagn\u00e9tiques ou m\u00e9caniques, c\u2019est-\u00e0-dire sous forme de vibrations que l\u2019homme per\u00e7oit par ses sens, ses sensations, ses \u00e9motions, et dont les manifestations les plus \u00e9videntes sont la lumi\u00e8re, les sons, etc\u2026Cet \u00e9change se fait aussi bien par le lien d\u2019ondes harmonieuses et positives que d\u2019ondes satur\u00e9es, digitales, disharmonieuses et n\u00e9gatives, et il revient \u00e0 tout un chacun de g\u00e9rer ces afflux au mieux de son \u00e9quilibre propre, l\u2019id\u00e9al \u00e9tant de ne percevoir que des ondes harmonieuses\",\"breadcrumb\":{\"@id\":\"http:\\\/\\\/www.orgonitedesoin.fr\\\/#breadcrumb\"},\"inLanguage\":\"fr-FR\",\"potentialAction\":[{\"@type\":\"ReadAction\",\"target\":[\"http:\\\/\\\/www.orgonitedesoin.fr\\\/\"]}]},{\"@type\":\"BreadcrumbList\",\"@id\":\"http:\\\/\\\/www.orgonitedesoin.fr\\\/#breadcrumb\",\"itemListElement\":[{\"@type\":\"ListItem\",\"position\":1,\"name\":\"Accueil\",\"item\":\"http:\\\/\\\/www.orgonitedesoin.fr\\\/\"},{\"@type\":\"ListItem\",\"position\":2,\"name\":\"L&rsquo;orgonite de soin, source d&rsquo;\u00e9nergie et de bien-\u00eatre\"}]},{\"@type\":\"WebSite\",\"@id\":\"http:\\\/\\\/www.orgonitedesoin.fr\\\/#website\",\"url\":\"http:\\\/\\\/www.orgonitedesoin.fr\\\/\",\"name\":\"Orgonite de soin\",\"description\":\"Energie et Bien-\u00eatre\",\"publisher\":{\"@id\":\"http:\\\/\\\/www.orgonitedesoin.fr\\\/#organization\"},\"potentialAction\":[{\"@type\":\"SearchAction\",\"target\":{\"@type\":\"EntryPoint\",\"urlTemplate\":\"http:\\\/\\\/www.orgonitedesoin.fr\\\/?s={search_term_string}\"},\"query-input\":{\"@type\":\"PropertyValueSpecification\",\"valueRequired\":true,\"valueName\":\"search_term_string\"}}],\"inLanguage\":\"fr-FR\"},{\"@type\":\"Organization\",\"@id\":\"http:\\\/\\\/www.orgonitedesoin.fr\\\/#organization\",\"name\":\"Orgonite de soin\",\"url\":\"http:\\\/\\\/www.orgonitedesoin.fr\\\/\",\"logo\":{\"@type\":\"ImageObject\",\"inLanguage\":\"fr-FR\",\"@id\":\"http:\\\/\\\/www.orgonitedesoin.fr\\\/#\\\/schema\\\/logo\\\/image\\\/\",\"url\":\"http:\\\/\\\/www.orgonitedesoin.fr\\\/wp-content\\\/uploads\\\/2023\\\/10\\\/cropped-orgosoins.jpg\",\"contentUrl\":\"http:\\\/\\\/www.orgonitedesoin.fr\\\/wp-content\\\/uploads\\\/2023\\\/10\\\/cropped-orgosoins.jpg\",\"width\":512,\"height\":512,\"caption\":\"Orgonite de soin\"},\"image\":{\"@id\":\"http:\\\/\\\/www.orgonitedesoin.fr\\\/#\\\/schema\\\/logo\\\/image\\\/\"}}]}<\/script>\n<!-- \/ Yoast SEO plugin. -->","yoast_head_json":{"title":"Orgonite de soin","description":"L'orgone, \u00e9nergie vitale globale, se r\u00e9partit et s\u2019\u00e9change entre ses diff\u00e9rentes composantes sous forme d\u2019ondes \u00e9lectromagn\u00e9tiques ou m\u00e9caniques, c\u2019est-\u00e0-dire sous forme de vibrations que l\u2019homme per\u00e7oit par ses sens, ses sensations, ses \u00e9motions, et dont les manifestations les plus \u00e9videntes sont la lumi\u00e8re, les sons, etc\u2026Cet \u00e9change se fait aussi bien par le lien d\u2019ondes harmonieuses et positives que d\u2019ondes satur\u00e9es, digitales, disharmonieuses et n\u00e9gatives, et il revient \u00e0 tout un chacun de g\u00e9rer ces afflux au mieux de son \u00e9quilibre propre, l\u2019id\u00e9al \u00e9tant de ne percevoir que des ondes harmonieuses","robots":{"index":"index","follow":"follow","max-snippet":"max-snippet:-1","max-image-preview":"max-image-preview:large","max-video-preview":"max-video-preview:-1"},"canonical":"http:\/\/www.orgonitedesoin.fr\/","og_locale":"fr_FR","og_type":"article","og_title":"Orgonite de soin","og_description":"L'orgone, \u00e9nergie vitale globale, se r\u00e9partit et s\u2019\u00e9change entre ses diff\u00e9rentes composantes sous forme d\u2019ondes \u00e9lectromagn\u00e9tiques ou m\u00e9caniques, c\u2019est-\u00e0-dire sous forme de vibrations que l\u2019homme per\u00e7oit par ses sens, ses sensations, ses \u00e9motions, et dont les manifestations les plus \u00e9videntes sont la lumi\u00e8re, les sons, etc\u2026Cet \u00e9change se fait aussi bien par le lien d\u2019ondes harmonieuses et positives que d\u2019ondes satur\u00e9es, digitales, disharmonieuses et n\u00e9gatives, et il revient \u00e0 tout un chacun de g\u00e9rer ces afflux au mieux de son \u00e9quilibre propre, l\u2019id\u00e9al \u00e9tant de ne percevoir que des ondes harmonieuses","og_url":"http:\/\/www.orgonitedesoin.fr\/","og_site_name":"Orgonite de soin","article_modified_time":"2025-06-12T19:57:46+00:00","twitter_card":"summary_large_image","schema":{"@context":"https:\/\/schema.org","@graph":[{"@type":"WebPage","@id":"http:\/\/www.orgonitedesoin.fr\/","url":"http:\/\/www.orgonitedesoin.fr\/","name":"Orgonite de soin","isPartOf":{"@id":"http:\/\/www.orgonitedesoin.fr\/#website"},"datePublished":"2023-10-20T21:00:20+00:00","dateModified":"2025-06-12T19:57:46+00:00","description":"L'orgone, \u00e9nergie vitale globale, se r\u00e9partit et s\u2019\u00e9change entre ses diff\u00e9rentes composantes sous forme d\u2019ondes \u00e9lectromagn\u00e9tiques ou m\u00e9caniques, c\u2019est-\u00e0-dire sous forme de vibrations que l\u2019homme per\u00e7oit par ses sens, ses sensations, ses \u00e9motions, et dont les manifestations les plus \u00e9videntes sont la lumi\u00e8re, les sons, etc\u2026Cet \u00e9change se fait aussi bien par le lien d\u2019ondes harmonieuses et positives que d\u2019ondes satur\u00e9es, digitales, disharmonieuses et n\u00e9gatives, et il revient \u00e0 tout un chacun de g\u00e9rer ces afflux au mieux de son \u00e9quilibre propre, l\u2019id\u00e9al \u00e9tant de ne percevoir que des ondes harmonieuses","breadcrumb":{"@id":"http:\/\/www.orgonitedesoin.fr\/#breadcrumb"},"inLanguage":"fr-FR","potentialAction":[{"@type":"ReadAction","target":["http:\/\/www.orgonitedesoin.fr\/"]}]},{"@type":"BreadcrumbList","@id":"http:\/\/www.orgonitedesoin.fr\/#breadcrumb","itemListElement":[{"@type":"ListItem","position":1,"name":"Accueil","item":"http:\/\/www.orgonitedesoin.fr\/"},{"@type":"ListItem","position":2,"name":"L&rsquo;orgonite de soin, source d&rsquo;\u00e9nergie et de bien-\u00eatre"}]},{"@type":"WebSite","@id":"http:\/\/www.orgonitedesoin.fr\/#website","url":"http:\/\/www.orgonitedesoin.fr\/","name":"Orgonite de soin","description":"Energie et Bien-\u00eatre","publisher":{"@id":"http:\/\/www.orgonitedesoin.fr\/#organization"},"potentialAction":[{"@type":"SearchAction","target":{"@type":"EntryPoint","urlTemplate":"http:\/\/www.orgonitedesoin.fr\/?s={search_term_string}"},"query-input":{"@type":"PropertyValueSpecification","valueRequired":true,"valueName":"search_term_string"}}],"inLanguage":"fr-FR"},{"@type":"Organization","@id":"http:\/\/www.orgonitedesoin.fr\/#organization","name":"Orgonite de soin","url":"http:\/\/www.orgonitedesoin.fr\/","logo":{"@type":"ImageObject","inLanguage":"fr-FR","@id":"http:\/\/www.orgonitedesoin.fr\/#\/schema\/logo\/image\/","url":"http:\/\/www.orgonitedesoin.fr\/wp-content\/uploads\/2023\/10\/cropped-orgosoins.jpg","contentUrl":"http:\/\/www.orgonitedesoin.fr\/wp-content\/uploads\/2023\/10\/cropped-orgosoins.jpg","width":512,"height":512,"caption":"Orgonite de soin"},"image":{"@id":"http:\/\/www.orgonitedesoin.fr\/#\/schema\/logo\/image\/"}}]}},"_links":{"self":[{"href":"https:\/\/www.orgonitedesoin.fr\/index.php\/wp-json\/wp\/v2\/pages\/13","targetHints":{"allow":["GET"]}}],"collection":[{"href":"https:\/\/www.orgonitedesoin.fr\/index.php\/wp-json\/wp\/v2\/pages"}],"about":[{"href":"https:\/\/www.orgonitedesoin.fr\/index.php\/wp-json\/wp\/v2\/types\/page"}],"author":[{"embeddable":true,"href":"https:\/\/www.orgonitedesoin.fr\/index.php\/wp-json\/wp\/v2\/users\/1"}],"replies":[{"embeddable":true,"href":"https:\/\/www.orgonitedesoin.fr\/index.php\/wp-json\/wp\/v2\/comments?post=13"}],"version-history":[{"count":26,"href":"https:\/\/www.orgonitedesoin.fr\/index.php\/wp-json\/wp\/v2\/pages\/13\/revisions"}],"predecessor-version":[{"id":203,"href":"https:\/\/www.orgonitedesoin.fr\/index.php\/wp-json\/wp\/v2\/pages\/13\/revisions\/203"}],"wp:attachment":[{"href":"https:\/\/www.orgonitedesoin.fr\/index.php\/wp-json\/wp\/v2\/media?parent=13"}],"curies":[{"name":"wp","href":"https:\/\/api.w.org\/{rel}","templated":true}]}}