{"id":40,"date":"2023-10-27T15:37:41","date_gmt":"2023-10-27T13:37:41","guid":{"rendered":"https:\/\/orgonij.cluster028.hosting.ovh.net\/?post_type=product&#038;p=40"},"modified":"2025-06-12T21:54:42","modified_gmt":"2025-06-12T19:54:42","slug":"livre-orgonite-de-soin-source-de-bien-etre","status":"publish","type":"product","link":"https:\/\/www.orgonitedesoin.fr\/index.php\/produit\/livre-orgonite-de-soin-source-de-bien-etre\/","title":{"rendered":"Livre : Orgonites de soin, Energie et Bien-\u00eatre"},"content":{"rendered":"<p>&nbsp;<\/p>\n<p>Prix TTC<\/p>\n<p>Livre de Pascale Durand Tiberghien<\/p>\n<p>ISBN : 979-10-976407-0-5<\/p>\n<p>D\u00e9p\u00f4t L\u00e9gal Mai 2025<\/p>\n<p>&nbsp;<\/p>\n","protected":false},"excerpt":{"rendered":"<p style=\"text-align: justify;\">Le mot \u00e9nergie vient du latin energia et du grec energeia qui signifient \u2018force en action\u2019. En science physique l\u2019\u00e9nergie prend un sens plus large et caract\u00e9rise ce que poss\u00e8de un syst\u00e8me capable de produire du travail. Les variations de l\u2019\u00e9nergie interne d\u2019un syst\u00e8me ne d\u00e9pendent que de ses \u00e9tats initial et final (Petit Robert)<\/p>\n<p style=\"text-align: justify;\">De tous temps, l\u2019homme a cherch\u00e9 \u00e0 se positionner et \u00e0 trouver son \u00e9quilibre int\u00e9rieur entre ciel et terre.<\/p>\n<p style=\"text-align: justify;\">De l\u2019utilisation des ressources terrestres\u00a0(pierres, m\u00e9taux, terre, eau,\u00a0 vent, bois), il en est arriv\u00e9 \u00e0 cr\u00e9er de l\u2019\u00e9nergie. Cette \u00e9nergie, il la contr\u00f4le puisqu\u2019il a le pouvoir de la fabriquer.<\/p>\n<p style=\"text-align: justify;\">Mais se pose la question de son \u00e9nergie vitale propre, celle qui lui permet de mettre son corps en action sous ses diff\u00e9rentes formes physique et mentale. D\u2019o\u00f9 vient-elle\u00a0? Comment la g\u00e9rer\u00a0? Son instinct lui dicte le besoin primaire de s\u2019alimenter pour permettre au corps de s\u2019activer. L\u2019exp\u00e9rience lui apprend qu\u2019il peut emmagasiner des \u00e9nergies provenant de sources vibratoires hors de son contr\u00f4le, \u00e0 condition de pouvoir s\u2019y connecter. L\u2019homme, empli de ses \u00e9motions, \u00e9labore alors un ensemble de moyens lui permettant de se connecter \u00e0 tout ce qui l\u2019entoure pour\u00a0 acc\u00e9der \u00e0 ces sources et les canaliser. Il d\u00e9veloppe ses capacit\u00e9s de perception au travers des \u00e9l\u00e9ments naturels (astres, pierres, arbres, vibrations de certains lieux), puis cr\u00e9e des interm\u00e9diaires issus de son ressenti (mandalas, triskells, taijitu (yin-yang), g\u00e9om\u00e9trie sacr\u00e9e, m\u00e9galithes, temples). Il ressent que ces \u00e9nergies vibratoires particuli\u00e8res sont de nature \u00e0 mieux \u00e9quilibrer et optimiser son \u00e9nergie vitale propre et sa sant\u00e9 \u00e9motionnelle. L\u2019homme r\u00e9alise alors que son \u00e9quilibre d\u00e9pend autant des \u00e9l\u00e9ments terrestres que des autres \u00e9l\u00e9ments cosmiques et son \u00e9volution spirituelle en est la cons\u00e9quence.<\/p>\n","protected":false},"featured_media":201,"template":"","meta":[],"product_brand":[],"product_cat":[19],"product_tag":[],"class_list":{"0":"post-40","1":"product","2":"type-product","3":"status-publish","4":"has-post-thumbnail","6":"product_cat-livre","8":"first","9":"instock","10":"taxable","11":"shipping-taxable","12":"purchasable","13":"product-type-simple"},"yoast_head":"<!-- This site is optimized with the Yoast SEO plugin v27.3 - https:\/\/yoast.com\/product\/yoast-seo-wordpress\/ -->\n<title>Livre : Orgonites de soin, Energie et Bien-\u00eatre - Orgonite de soin<\/title>\n<meta name=\"robots\" content=\"index, follow, max-snippet:-1, max-image-preview:large, max-video-preview:-1\" \/>\n<link rel=\"canonical\" href=\"https:\/\/www.orgonitedesoin.fr\/index.php\/produit\/livre-orgonite-de-soin-source-de-bien-etre\/\" \/>\n<meta property=\"og:locale\" content=\"fr_FR\" \/>\n<meta property=\"og:type\" content=\"article\" \/>\n<meta property=\"og:title\" content=\"Livre : Orgonites de soin, Energie et Bien-\u00eatre - Orgonite de soin\" \/>\n<meta property=\"og:description\" content=\"Le mot \u00e9nergie vient du latin energia et du grec energeia qui signifient \u2018force en action\u2019. En science physique l\u2019\u00e9nergie prend un sens plus large et caract\u00e9rise ce que poss\u00e8de un syst\u00e8me capable de produire du travail. Les variations de l\u2019\u00e9nergie interne d\u2019un syst\u00e8me ne d\u00e9pendent que de ses \u00e9tats initial et final (Petit Robert) De tous temps, l\u2019homme a cherch\u00e9 \u00e0 se positionner et \u00e0 trouver son \u00e9quilibre int\u00e9rieur entre ciel et terre. De l\u2019utilisation des ressources terrestres\u00a0(pierres, m\u00e9taux, terre, eau,\u00a0 vent, bois), il en est arriv\u00e9 \u00e0 cr\u00e9er de l\u2019\u00e9nergie. Cette \u00e9nergie, il la contr\u00f4le puisqu\u2019il a le pouvoir de la fabriquer. Mais se pose la question de son \u00e9nergie vitale propre, celle qui lui permet de mettre son corps en action sous ses diff\u00e9rentes formes physique et mentale. D\u2019o\u00f9 vient-elle\u00a0? Comment la g\u00e9rer\u00a0? Son instinct lui dicte le besoin primaire de s\u2019alimenter pour permettre au corps de s\u2019activer. L\u2019exp\u00e9rience lui apprend qu\u2019il peut emmagasiner des \u00e9nergies provenant de sources vibratoires hors de son contr\u00f4le, \u00e0 condition de pouvoir s\u2019y connecter. L\u2019homme, empli de ses \u00e9motions, \u00e9labore alors un ensemble de moyens lui permettant de se connecter \u00e0 tout ce qui l\u2019entoure pour\u00a0 acc\u00e9der \u00e0 ces sources et les canaliser. Il d\u00e9veloppe ses capacit\u00e9s de perception au travers des \u00e9l\u00e9ments naturels (astres, pierres, arbres, vibrations de certains lieux), puis cr\u00e9e des interm\u00e9diaires issus de son ressenti (mandalas, triskells, taijitu (yin-yang), g\u00e9om\u00e9trie sacr\u00e9e, m\u00e9galithes, temples). Il ressent que ces \u00e9nergies vibratoires particuli\u00e8res sont de nature \u00e0 mieux \u00e9quilibrer et optimiser son \u00e9nergie vitale propre et sa sant\u00e9 \u00e9motionnelle. L\u2019homme r\u00e9alise alors que son \u00e9quilibre d\u00e9pend autant des \u00e9l\u00e9ments terrestres que des autres \u00e9l\u00e9ments cosmiques et son \u00e9volution spirituelle en est la cons\u00e9quence.\" \/>\n<meta property=\"og:url\" content=\"https:\/\/www.orgonitedesoin.fr\/index.php\/produit\/livre-orgonite-de-soin-source-de-bien-etre\/\" \/>\n<meta property=\"og:site_name\" content=\"Orgonite de soin\" \/>\n<meta property=\"article:modified_time\" content=\"2025-06-12T19:54:42+00:00\" \/>\n<meta property=\"og:image\" content=\"https:\/\/www.orgonitedesoin.fr\/wp-content\/uploads\/2023\/10\/2505221-Photo-1ere-page.png\" \/>\n\t<meta property=\"og:image:width\" content=\"540\" \/>\n\t<meta property=\"og:image:height\" content=\"762\" \/>\n\t<meta property=\"og:image:type\" content=\"image\/png\" \/>\n<meta name=\"twitter:card\" content=\"summary_large_image\" \/>\n<meta name=\"twitter:label1\" content=\"Dur\u00e9e de lecture estim\u00e9e\" \/>\n\t<meta name=\"twitter:data1\" content=\"1 minute\" \/>\n<script type=\"application\/ld+json\" class=\"yoast-schema-graph\">{\"@context\":\"https:\\\/\\\/schema.org\",\"@graph\":[{\"@type\":\"WebPage\",\"@id\":\"https:\\\/\\\/www.orgonitedesoin.fr\\\/index.php\\\/produit\\\/livre-orgonite-de-soin-source-de-bien-etre\\\/\",\"url\":\"https:\\\/\\\/www.orgonitedesoin.fr\\\/index.php\\\/produit\\\/livre-orgonite-de-soin-source-de-bien-etre\\\/\",\"name\":\"Livre : Orgonites de soin, Energie et Bien-\u00eatre - Orgonite de soin\",\"isPartOf\":{\"@id\":\"http:\\\/\\\/www.orgonitedesoin.fr\\\/#website\"},\"primaryImageOfPage\":{\"@id\":\"https:\\\/\\\/www.orgonitedesoin.fr\\\/index.php\\\/produit\\\/livre-orgonite-de-soin-source-de-bien-etre\\\/#primaryimage\"},\"image\":{\"@id\":\"https:\\\/\\\/www.orgonitedesoin.fr\\\/index.php\\\/produit\\\/livre-orgonite-de-soin-source-de-bien-etre\\\/#primaryimage\"},\"thumbnailUrl\":\"https:\\\/\\\/www.orgonitedesoin.fr\\\/wp-content\\\/uploads\\\/2023\\\/10\\\/2505221-Photo-1ere-page.png\",\"datePublished\":\"2023-10-27T13:37:41+00:00\",\"dateModified\":\"2025-06-12T19:54:42+00:00\",\"breadcrumb\":{\"@id\":\"https:\\\/\\\/www.orgonitedesoin.fr\\\/index.php\\\/produit\\\/livre-orgonite-de-soin-source-de-bien-etre\\\/#breadcrumb\"},\"inLanguage\":\"fr-FR\",\"potentialAction\":[{\"@type\":\"ReadAction\",\"target\":[\"https:\\\/\\\/www.orgonitedesoin.fr\\\/index.php\\\/produit\\\/livre-orgonite-de-soin-source-de-bien-etre\\\/\"]}]},{\"@type\":\"ImageObject\",\"inLanguage\":\"fr-FR\",\"@id\":\"https:\\\/\\\/www.orgonitedesoin.fr\\\/index.php\\\/produit\\\/livre-orgonite-de-soin-source-de-bien-etre\\\/#primaryimage\",\"url\":\"https:\\\/\\\/www.orgonitedesoin.fr\\\/wp-content\\\/uploads\\\/2023\\\/10\\\/2505221-Photo-1ere-page.png\",\"contentUrl\":\"https:\\\/\\\/www.orgonitedesoin.fr\\\/wp-content\\\/uploads\\\/2023\\\/10\\\/2505221-Photo-1ere-page.png\",\"width\":540,\"height\":762},{\"@type\":\"BreadcrumbList\",\"@id\":\"https:\\\/\\\/www.orgonitedesoin.fr\\\/index.php\\\/produit\\\/livre-orgonite-de-soin-source-de-bien-etre\\\/#breadcrumb\",\"itemListElement\":[{\"@type\":\"ListItem\",\"position\":1,\"name\":\"Accueil\",\"item\":\"http:\\\/\\\/www.orgonitedesoin.fr\\\/\"},{\"@type\":\"ListItem\",\"position\":2,\"name\":\"Boutique\",\"item\":\"https:\\\/\\\/www.orgonitedesoin.fr\\\/index.php\\\/boutique\\\/\"},{\"@type\":\"ListItem\",\"position\":3,\"name\":\"Livre : Orgonites de soin, Energie et Bien-\u00eatre\"}]},{\"@type\":\"WebSite\",\"@id\":\"http:\\\/\\\/www.orgonitedesoin.fr\\\/#website\",\"url\":\"http:\\\/\\\/www.orgonitedesoin.fr\\\/\",\"name\":\"Orgonite de soin\",\"description\":\"Energie et Bien-\u00eatre\",\"publisher\":{\"@id\":\"http:\\\/\\\/www.orgonitedesoin.fr\\\/#organization\"},\"potentialAction\":[{\"@type\":\"SearchAction\",\"target\":{\"@type\":\"EntryPoint\",\"urlTemplate\":\"http:\\\/\\\/www.orgonitedesoin.fr\\\/?s={search_term_string}\"},\"query-input\":{\"@type\":\"PropertyValueSpecification\",\"valueRequired\":true,\"valueName\":\"search_term_string\"}}],\"inLanguage\":\"fr-FR\"},{\"@type\":\"Organization\",\"@id\":\"http:\\\/\\\/www.orgonitedesoin.fr\\\/#organization\",\"name\":\"Orgonite de soin\",\"url\":\"http:\\\/\\\/www.orgonitedesoin.fr\\\/\",\"logo\":{\"@type\":\"ImageObject\",\"inLanguage\":\"fr-FR\",\"@id\":\"http:\\\/\\\/www.orgonitedesoin.fr\\\/#\\\/schema\\\/logo\\\/image\\\/\",\"url\":\"http:\\\/\\\/www.orgonitedesoin.fr\\\/wp-content\\\/uploads\\\/2023\\\/10\\\/cropped-orgosoins.jpg\",\"contentUrl\":\"http:\\\/\\\/www.orgonitedesoin.fr\\\/wp-content\\\/uploads\\\/2023\\\/10\\\/cropped-orgosoins.jpg\",\"width\":512,\"height\":512,\"caption\":\"Orgonite de soin\"},\"image\":{\"@id\":\"http:\\\/\\\/www.orgonitedesoin.fr\\\/#\\\/schema\\\/logo\\\/image\\\/\"}}]}<\/script>\n<!-- \/ Yoast SEO plugin. -->","yoast_head_json":{"title":"Livre : Orgonites de soin, Energie et Bien-\u00eatre - Orgonite de soin","robots":{"index":"index","follow":"follow","max-snippet":"max-snippet:-1","max-image-preview":"max-image-preview:large","max-video-preview":"max-video-preview:-1"},"canonical":"https:\/\/www.orgonitedesoin.fr\/index.php\/produit\/livre-orgonite-de-soin-source-de-bien-etre\/","og_locale":"fr_FR","og_type":"article","og_title":"Livre : Orgonites de soin, Energie et Bien-\u00eatre - Orgonite de soin","og_description":"Le mot \u00e9nergie vient du latin energia et du grec energeia qui signifient \u2018force en action\u2019. En science physique l\u2019\u00e9nergie prend un sens plus large et caract\u00e9rise ce que poss\u00e8de un syst\u00e8me capable de produire du travail. Les variations de l\u2019\u00e9nergie interne d\u2019un syst\u00e8me ne d\u00e9pendent que de ses \u00e9tats initial et final (Petit Robert) De tous temps, l\u2019homme a cherch\u00e9 \u00e0 se positionner et \u00e0 trouver son \u00e9quilibre int\u00e9rieur entre ciel et terre. De l\u2019utilisation des ressources terrestres\u00a0(pierres, m\u00e9taux, terre, eau,\u00a0 vent, bois), il en est arriv\u00e9 \u00e0 cr\u00e9er de l\u2019\u00e9nergie. Cette \u00e9nergie, il la contr\u00f4le puisqu\u2019il a le pouvoir de la fabriquer. Mais se pose la question de son \u00e9nergie vitale propre, celle qui lui permet de mettre son corps en action sous ses diff\u00e9rentes formes physique et mentale. D\u2019o\u00f9 vient-elle\u00a0? Comment la g\u00e9rer\u00a0? Son instinct lui dicte le besoin primaire de s\u2019alimenter pour permettre au corps de s\u2019activer. L\u2019exp\u00e9rience lui apprend qu\u2019il peut emmagasiner des \u00e9nergies provenant de sources vibratoires hors de son contr\u00f4le, \u00e0 condition de pouvoir s\u2019y connecter. L\u2019homme, empli de ses \u00e9motions, \u00e9labore alors un ensemble de moyens lui permettant de se connecter \u00e0 tout ce qui l\u2019entoure pour\u00a0 acc\u00e9der \u00e0 ces sources et les canaliser. Il d\u00e9veloppe ses capacit\u00e9s de perception au travers des \u00e9l\u00e9ments naturels (astres, pierres, arbres, vibrations de certains lieux), puis cr\u00e9e des interm\u00e9diaires issus de son ressenti (mandalas, triskells, taijitu (yin-yang), g\u00e9om\u00e9trie sacr\u00e9e, m\u00e9galithes, temples). Il ressent que ces \u00e9nergies vibratoires particuli\u00e8res sont de nature \u00e0 mieux \u00e9quilibrer et optimiser son \u00e9nergie vitale propre et sa sant\u00e9 \u00e9motionnelle. L\u2019homme r\u00e9alise alors que son \u00e9quilibre d\u00e9pend autant des \u00e9l\u00e9ments terrestres que des autres \u00e9l\u00e9ments cosmiques et son \u00e9volution spirituelle en est la cons\u00e9quence.","og_url":"https:\/\/www.orgonitedesoin.fr\/index.php\/produit\/livre-orgonite-de-soin-source-de-bien-etre\/","og_site_name":"Orgonite de soin","article_modified_time":"2025-06-12T19:54:42+00:00","og_image":[{"width":540,"height":762,"url":"https:\/\/www.orgonitedesoin.fr\/wp-content\/uploads\/2023\/10\/2505221-Photo-1ere-page.png","type":"image\/png"}],"twitter_card":"summary_large_image","twitter_misc":{"Dur\u00e9e de lecture estim\u00e9e":"1 minute"},"schema":{"@context":"https:\/\/schema.org","@graph":[{"@type":"WebPage","@id":"https:\/\/www.orgonitedesoin.fr\/index.php\/produit\/livre-orgonite-de-soin-source-de-bien-etre\/","url":"https:\/\/www.orgonitedesoin.fr\/index.php\/produit\/livre-orgonite-de-soin-source-de-bien-etre\/","name":"Livre : Orgonites de soin, Energie et Bien-\u00eatre - Orgonite de soin","isPartOf":{"@id":"http:\/\/www.orgonitedesoin.fr\/#website"},"primaryImageOfPage":{"@id":"https:\/\/www.orgonitedesoin.fr\/index.php\/produit\/livre-orgonite-de-soin-source-de-bien-etre\/#primaryimage"},"image":{"@id":"https:\/\/www.orgonitedesoin.fr\/index.php\/produit\/livre-orgonite-de-soin-source-de-bien-etre\/#primaryimage"},"thumbnailUrl":"https:\/\/www.orgonitedesoin.fr\/wp-content\/uploads\/2023\/10\/2505221-Photo-1ere-page.png","datePublished":"2023-10-27T13:37:41+00:00","dateModified":"2025-06-12T19:54:42+00:00","breadcrumb":{"@id":"https:\/\/www.orgonitedesoin.fr\/index.php\/produit\/livre-orgonite-de-soin-source-de-bien-etre\/#breadcrumb"},"inLanguage":"fr-FR","potentialAction":[{"@type":"ReadAction","target":["https:\/\/www.orgonitedesoin.fr\/index.php\/produit\/livre-orgonite-de-soin-source-de-bien-etre\/"]}]},{"@type":"ImageObject","inLanguage":"fr-FR","@id":"https:\/\/www.orgonitedesoin.fr\/index.php\/produit\/livre-orgonite-de-soin-source-de-bien-etre\/#primaryimage","url":"https:\/\/www.orgonitedesoin.fr\/wp-content\/uploads\/2023\/10\/2505221-Photo-1ere-page.png","contentUrl":"https:\/\/www.orgonitedesoin.fr\/wp-content\/uploads\/2023\/10\/2505221-Photo-1ere-page.png","width":540,"height":762},{"@type":"BreadcrumbList","@id":"https:\/\/www.orgonitedesoin.fr\/index.php\/produit\/livre-orgonite-de-soin-source-de-bien-etre\/#breadcrumb","itemListElement":[{"@type":"ListItem","position":1,"name":"Accueil","item":"http:\/\/www.orgonitedesoin.fr\/"},{"@type":"ListItem","position":2,"name":"Boutique","item":"https:\/\/www.orgonitedesoin.fr\/index.php\/boutique\/"},{"@type":"ListItem","position":3,"name":"Livre : Orgonites de soin, Energie et Bien-\u00eatre"}]},{"@type":"WebSite","@id":"http:\/\/www.orgonitedesoin.fr\/#website","url":"http:\/\/www.orgonitedesoin.fr\/","name":"Orgonite de soin","description":"Energie et Bien-\u00eatre","publisher":{"@id":"http:\/\/www.orgonitedesoin.fr\/#organization"},"potentialAction":[{"@type":"SearchAction","target":{"@type":"EntryPoint","urlTemplate":"http:\/\/www.orgonitedesoin.fr\/?s={search_term_string}"},"query-input":{"@type":"PropertyValueSpecification","valueRequired":true,"valueName":"search_term_string"}}],"inLanguage":"fr-FR"},{"@type":"Organization","@id":"http:\/\/www.orgonitedesoin.fr\/#organization","name":"Orgonite de soin","url":"http:\/\/www.orgonitedesoin.fr\/","logo":{"@type":"ImageObject","inLanguage":"fr-FR","@id":"http:\/\/www.orgonitedesoin.fr\/#\/schema\/logo\/image\/","url":"http:\/\/www.orgonitedesoin.fr\/wp-content\/uploads\/2023\/10\/cropped-orgosoins.jpg","contentUrl":"http:\/\/www.orgonitedesoin.fr\/wp-content\/uploads\/2023\/10\/cropped-orgosoins.jpg","width":512,"height":512,"caption":"Orgonite de soin"},"image":{"@id":"http:\/\/www.orgonitedesoin.fr\/#\/schema\/logo\/image\/"}}]}},"_links":{"self":[{"href":"https:\/\/www.orgonitedesoin.fr\/index.php\/wp-json\/wp\/v2\/product\/40","targetHints":{"allow":["GET"]}}],"collection":[{"href":"https:\/\/www.orgonitedesoin.fr\/index.php\/wp-json\/wp\/v2\/product"}],"about":[{"href":"https:\/\/www.orgonitedesoin.fr\/index.php\/wp-json\/wp\/v2\/types\/product"}],"wp:featuredmedia":[{"embeddable":true,"href":"https:\/\/www.orgonitedesoin.fr\/index.php\/wp-json\/wp\/v2\/media\/201"}],"wp:attachment":[{"href":"https:\/\/www.orgonitedesoin.fr\/index.php\/wp-json\/wp\/v2\/media?parent=40"}],"wp:term":[{"taxonomy":"product_brand","embeddable":true,"href":"https:\/\/www.orgonitedesoin.fr\/index.php\/wp-json\/wp\/v2\/product_brand?post=40"},{"taxonomy":"product_cat","embeddable":true,"href":"https:\/\/www.orgonitedesoin.fr\/index.php\/wp-json\/wp\/v2\/product_cat?post=40"},{"taxonomy":"product_tag","embeddable":true,"href":"https:\/\/www.orgonitedesoin.fr\/index.php\/wp-json\/wp\/v2\/product_tag?post=40"}],"curies":[{"name":"wp","href":"https:\/\/api.w.org\/{rel}","templated":true}]}}